{"id":11,"date":"2024-05-22T16:23:24","date_gmt":"2024-05-22T16:23:24","guid":{"rendered":"https:\/\/multiservmaltez.com\/about\/"},"modified":"2024-05-22T22:32:50","modified_gmt":"2024-05-22T22:32:50","slug":"about","status":"publish","type":"page","link":"https:\/\/multiservmaltez.com\/en\/about\/","title":{"rendered":"Sobre nuestra empresa"},"content":{"rendered":"<p><\/p>\n\n\n\n<div class=\"wp-block-uagb-container uagb-block-936e002d alignfull uagb-is-root-container\"><div class=\"uagb-container-inner-blocks-wrap\">\n<div class=\"wp-block-uagb-advanced-heading uagb-block-f30a426a\"><h1 class=\"uagb-heading-text\">Servicio de Reparaci\u00f3n y Mantenimiento de PC Maltez<\/h1><\/div>\n<\/div><\/div>\n\n\n\n<div class=\"wp-block-uagb-container uagb-block-5d3510fd alignfull uagb-is-root-container\"><div class=\"uagb-container-inner-blocks-wrap\">\n<div class=\"wp-block-uagb-info-box uagb-block-3a8334c0 uagb-infobox__content-wrap  uagb-infobox-icon-above-title uagb-infobox-image-valign-top\"><div class=\"uagb-ifb-content\"><div class=\"uagb-ifb-title-wrap\"><h2 class=\"uagb-ifb-title\">Our Successful Track Record<\/h2><\/div><p class=\"uagb-ifb-desc\">We are a company specialized in the development, implementation and support of advanced technological solutions, adapted to the specific needs of each client. We have a team of experts in different business areas to provide a personalized and quality service.<\/p><\/div><\/div>\n\n\n\n<div class=\"wp-block-uagb-container uagb-block-ca8e9725\">\n<div class=\"wp-block-uagb-image alignleft uagb-block-f21a1fae wp-block-uagb-image--layout-default wp-block-uagb-image--effect-static wp-block-uagb-image--align-left\"><figure class=\"wp-block-uagb-image__figure\"><img data-recalc-dims=\"1\" decoding=\"async\" srcset=\"https:\/\/multiservmaltez.com\/wp-content\/uploads\/2024\/05\/e02d555dd0061c205cd4262c63961f02.jpg ,https:\/\/multiservmaltez.com\/wp-content\/uploads\/2024\/05\/e02d555dd0061c205cd4262c63961f02.jpg 780w, https:\/\/multiservmaltez.com\/wp-content\/uploads\/2024\/05\/e02d555dd0061c205cd4262c63961f02.jpg 360w\" sizes=\"auto, (max-width: 480px) 150px\" src=\"https:\/\/i0.wp.com\/multiservmaltez.com\/wp-content\/uploads\/2024\/05\/e02d555dd0061c205cd4262c63961f02.jpg?resize=540%2C400&#038;ssl=1\" alt=\"\" class=\"uag-image-2053\" width=\"540\" height=\"400\" title=\"e02d555dd0061c205cd4262c63961f02\" loading=\"lazy\" role=\"img\"\/><\/figure><\/div>\n\n\n\n<div class=\"wp-block-uagb-container uagb-block-39ecfef8\">\n<div class=\"wp-block-uagb-info-box uagb-block-ab77fef1 uagb-infobox__content-wrap  uagb-infobox-icon-above-title uagb-infobox-image-valign-top wp-block-uagb-info-box--has-margin\"><div class=\"uagb-infobox-margin-wrapper\"><div class=\"uagb-ifb-content\"><div class=\"uagb-ifb-title-wrap\"><h3 class=\"uagb-ifb-title\">Our Mission<\/h3><\/div><p class=\"uagb-ifb-desc\">Our mission is to provide our clients with innovative technological solutions that empower their business and enable them to achieve their goals efficiently and effectively. We work closely with each client to ensure personalized and excellent service. <\/p><\/div><\/div><\/div>\n<\/div>\n<\/div>\n\n\n\n<div class=\"wp-block-uagb-container uagb-block-b4362ece\">\n<div class=\"wp-block-uagb-container uagb-block-574121ba\">\n<div class=\"wp-block-uagb-image alignright uagb-block-828d5e5b wp-block-uagb-image--layout-default wp-block-uagb-image--effect-static wp-block-uagb-image--align-right\"><figure class=\"wp-block-uagb-image__figure\"><img data-recalc-dims=\"1\" decoding=\"async\" srcset=\"https:\/\/multiservmaltez.com\/wp-content\/uploads\/2024\/05\/47291504d64304b8f33ed5080b8b371e.jpg ,https:\/\/multiservmaltez.com\/wp-content\/uploads\/2024\/05\/47291504d64304b8f33ed5080b8b371e.jpg 780w, https:\/\/multiservmaltez.com\/wp-content\/uploads\/2024\/05\/47291504d64304b8f33ed5080b8b371e.jpg 360w\" sizes=\"auto, (max-width: 480px) 150px\" src=\"https:\/\/i0.wp.com\/multiservmaltez.com\/wp-content\/uploads\/2024\/05\/47291504d64304b8f33ed5080b8b371e.jpg?resize=540%2C400&#038;ssl=1\" alt=\"\" class=\"uag-image-2055\" width=\"540\" height=\"400\" title=\"47291504d64304b8f33ed5080b8b371e\" loading=\"lazy\" role=\"img\"\/><\/figure><\/div>\n<\/div>\n\n\n\n<div class=\"wp-block-uagb-container uagb-block-bb47e66e\">\n<div class=\"wp-block-uagb-info-box uagb-block-7230da89 uagb-infobox__content-wrap  uagb-infobox-icon-above-title uagb-infobox-image-valign-top\"><div class=\"uagb-ifb-content\"><div class=\"uagb-ifb-title-wrap\"><h3 class=\"uagb-ifb-title\">Our Core Values<\/h3><\/div><\/div><\/div>\n\n\n\n<div class=\"wp-block-uagb-icon-list uagb-block-1f017b5e\"><div class=\"uagb-icon-list__wrap\">\n<div class=\"wp-block-uagb-icon-list-child uagb-block-8bae8afe\"><span class=\"uagb-icon-list__source-wrap\"><svg xmlns=\"https:\/\/www.w3.org\/2000\/svg\" viewbox=\"0 0 512 512\"><path d=\"M256 0C114.6 0 0 114.6 0 256c0 141.4 114.6 256 256 256s256-114.6 256-256C512 114.6 397.4 0 256 0zM358.6 278.6l-112 112c-12.5 12.5-32.75 12.5-45.25 0s-12.5-32.75 0-45.25L290.8 256L201.4 166.6c-12.5-12.5-12.5-32.75 0-45.25s32.75-12.5 45.25 0l112 112C364.9 239.6 368 247.8 368 256S364.9 272.4 358.6 278.6z\"><\/path><\/svg><\/span><span class=\"uagb-icon-list__label\">Commitment to Excellence: We strive to deliver the highest quality services, exceeding our customers' expectations at all times.<\/span><\/div>\n\n\n\n<div class=\"wp-block-uagb-icon-list-child uagb-block-c71dceda\"><span class=\"uagb-icon-list__source-wrap\"><svg xmlns=\"https:\/\/www.w3.org\/2000\/svg\" viewbox=\"0 0 512 512\"><path d=\"M256 0C114.6 0 0 114.6 0 256c0 141.4 114.6 256 256 256s256-114.6 256-256C512 114.6 397.4 0 256 0zM358.6 278.6l-112 112c-12.5 12.5-32.75 12.5-45.25 0s-12.5-32.75 0-45.25L290.8 256L201.4 166.6c-12.5-12.5-12.5-32.75 0-45.25s32.75-12.5 45.25 0l112 112C364.9 239.6 368 247.8 368 256S364.9 272.4 358.6 278.6z\"><\/path><\/svg><\/span><span class=\"uagb-icon-list__label\">Customer Focus: We put our customers' needs at the heart of everything we do, providing customized solutions tailored to their specific requirements.<\/span><\/div>\n\n\n\n<div class=\"wp-block-uagb-icon-list-child uagb-block-8bc3ed70\"><span class=\"uagb-icon-list__source-wrap\"><svg xmlns=\"https:\/\/www.w3.org\/2000\/svg\" viewbox=\"0 0 512 512\"><path d=\"M256 0C114.6 0 0 114.6 0 256c0 141.4 114.6 256 256 256s256-114.6 256-256C512 114.6 397.4 0 256 0zM358.6 278.6l-112 112c-12.5 12.5-32.75 12.5-45.25 0s-12.5-32.75 0-45.25L290.8 256L201.4 166.6c-12.5-12.5-12.5-32.75 0-45.25s32.75-12.5 45.25 0l112 112C364.9 239.6 368 247.8 368 256S364.9 272.4 358.6 278.6z\"><\/path><\/svg><\/span><span class=\"uagb-icon-list__label\">Integrity and professional ethics: We act with transparency, honesty and respect in all our interactions, building long-term relationships of trust.<\/span><\/div>\n<\/div><\/div>\n<\/div>\n<\/div>\n<\/div><\/div>\n\n\n\n<div class=\"wp-block-uagb-container uagb-block-81413454 alignfull uagb-is-root-container\"><div class=\"uagb-container-inner-blocks-wrap\">\n<div class=\"wp-block-uagb-advanced-heading uagb-block-a619ae8e\"><h2 class=\"uagb-heading-text\">Our Personalized Approach<\/h2><p class=\"uagb-desc-text\">We work collaboratively and closely with each client to fully understand their needs and offer tailored solutions.<\/p><\/div>\n\n\n\n<div class=\"wp-block-uagb-container uagb-block-800e146c\">\n<div class=\"wp-block-uagb-advanced-heading uagb-block-0e2c50b3\"><div class=\"uagb-separator\"><\/div><h3 class=\"uagb-heading-text\">Deep Analysis<\/h3><p class=\"uagb-desc-text\">We carry out an exhaustive analysis of the needs and objectives of each client to design personalized and effective solutions.<\/p><\/div>\n\n\n\n<div class=\"wp-block-uagb-advanced-heading uagb-block-fbcc919f\"><div class=\"uagb-separator\"><\/div><h3 class=\"uagb-heading-text\">Continuous Innovation<\/h3><p class=\"uagb-desc-text\">We stay at the forefront of technology and market trends to offer innovative and up-to-date solutions.<\/p><\/div>\n\n\n\n<div class=\"wp-block-uagb-advanced-heading uagb-block-49ce25b4\"><div class=\"uagb-separator\"><\/div><h3 class=\"uagb-heading-text\">Comprehensive Support<\/h3><p class=\"uagb-desc-text\">We provide a comprehensive and continuous support service to ensure the correct functioning of all implemented technological solutions.<\/p><\/div>\n<\/div>\n<\/div><\/div>\n\n\n\n<div class=\"wp-block-uagb-container uagb-block-30965029 alignfull uagb-is-root-container\"><div class=\"uagb-container-inner-blocks-wrap\">\n<div class=\"wp-block-uagb-container uagb-block-2e38f16e\">\n<div class=\"wp-block-uagb-advanced-heading uagb-block-cef4eb94\"><h2 class=\"uagb-heading-text\">Empower your business with our technological solutions. Contact us now!<\/h2><\/div>\n\n\n\n<div class=\"wp-block-uagb-buttons uagb-buttons__outer-wrap uagb-btn__default-btn uagb-btn-tablet__default-btn uagb-btn-mobile__default-btn uagb-block-dd621990\"><div class=\"uagb-buttons__wrap uagb-buttons-layout-wrap\">\n<div class=\"wp-block-uagb-buttons-child uagb-buttons__outer-wrap uagb-block-5716aaeb wp-block-button\"><div class=\"uagb-button__wrapper\"><a class=\"uagb-buttons-repeater wp-block-button__link\" aria-label=\"\" href=\"\/en\/contact\/\" rel=\"follow noopener\" target=\"_self\" role=\"button\"><div class=\"uagb-button__link\">Contact<\/div><\/a><\/div><\/div>\n<\/div><\/div>\n\n\n\n<div class=\"wp-block-uagb-advanced-heading uagb-block-f2fed8d8\"><div class=\"uagb-separator\"><\/div><p class=\"uagb-desc-text\">Or call us at:<\/p><h3 class=\"uagb-heading-text\">8610-8374<\/h3><\/div>\n<\/div>\n<\/div><\/div>","protected":false},"excerpt":{"rendered":"<p>Servicio de Reparaci\u00f3n y Mantenimiento de PC Maltez Nuestro Enfoque Personalizado Trabajamos de manera colaborativa y cercana con cada cliente [&hellip;]<\/p>\n","protected":false},"author":1,"featured_media":0,"parent":0,"menu_order":0,"comment_status":"closed","ping_status":"closed","template":"","meta":{"_uag_custom_page_level_css":"","site-sidebar-layout":"no-sidebar","site-content-layout":"plain-container","ast-site-content-layout":"normal-width-container","site-content-style":"unboxed","site-sidebar-style":"unboxed","ast-global-header-display":"","ast-banner-title-visibility":"","ast-main-header-display":"","ast-hfb-above-header-display":"","ast-hfb-below-header-display":"","ast-hfb-mobile-header-display":"","site-post-title":"disabled","ast-breadcrumbs-content":"","ast-featured-img":"","footer-sml-layout":"","ast-disable-related-posts":"","theme-transparent-header-meta":"default","adv-header-id-meta":"","stick-header-meta":"","header-above-stick-meta":"","header-main-stick-meta":"","header-below-stick-meta":"","astra-migrate-meta-layouts":"set","ast-page-background-enabled":"default","ast-page-background-meta":{"desktop":{"background-color":"var(--ast-global-color-4)","background-image":"","background-repeat":"repeat","background-position":"center center","background-size":"auto","background-attachment":"scroll","background-type":"","background-media":"","overlay-type":"","overlay-color":"","overlay-opacity":"","overlay-gradient":""},"tablet":{"background-color":"","background-image":"","background-repeat":"repeat","background-position":"center center","background-size":"auto","background-attachment":"scroll","background-type":"","background-media":"","overlay-type":"","overlay-color":"","overlay-opacity":"","overlay-gradient":""},"mobile":{"background-color":"","background-image":"","background-repeat":"repeat","background-position":"center center","background-size":"auto","background-attachment":"scroll","background-type":"","background-media":"","overlay-type":"","overlay-color":"","overlay-opacity":"","overlay-gradient":""}},"ast-content-background-meta":{"desktop":{"background-color":"var(--ast-global-color-5)","background-image":"","background-repeat":"repeat","background-position":"center center","background-size":"auto","background-attachment":"scroll","background-type":"","background-media":"","overlay-type":"","overlay-color":"","overlay-opacity":"","overlay-gradient":""},"tablet":{"background-color":"var(--ast-global-color-5)","background-image":"","background-repeat":"repeat","background-position":"center center","background-size":"auto","background-attachment":"scroll","background-type":"","background-media":"","overlay-type":"","overlay-color":"","overlay-opacity":"","overlay-gradient":""},"mobile":{"background-color":"var(--ast-global-color-5)","background-image":"","background-repeat":"repeat","background-position":"center center","background-size":"auto","background-attachment":"scroll","background-type":"","background-media":"","overlay-type":"","overlay-color":"","overlay-opacity":"","overlay-gradient":""}},"jetpack_post_was_ever_published":false,"footnotes":""},"class_list":["post-11","page","type-page","status-publish","hentry"],"uagb_featured_image_src":{"full":false,"thumbnail":false,"medium":false,"medium_large":false,"large":false,"1536x1536":false,"2048x2048":false,"trp-custom-language-flag":false},"uagb_author_info":{"display_name":"solentiname","author_link":"https:\/\/multiservmaltez.com\/en\/author\/solentiname\/"},"uagb_comment_info":0,"uagb_excerpt":"Servicio de Reparaci\u00f3n y Mantenimiento de PC Maltez Nuestro Enfoque Personalizado Trabajamos de manera colaborativa y cercana con cada cliente [&hellip;]","jetpack-related-posts":[{"id":1989,"url":"https:\/\/multiservmaltez.com\/en\/","url_meta":{"origin":11,"position":0},"title":"Start","author":"solentiname","date":"May 22, 2024","format":false,"excerpt":"Servicio de Reparaci\u00f3n y Mantenimiento de PC MaltezSomos una empresa que brinda soluciones tecnol\u00f3gicas integrales, desarrollamos y brindamos soporte personalizado a soluciones de alta tecnolog\u00eda para satisfacer las necesidades empresariales.Contactar Desaf\u00edos Tecnol\u00f3gicosEnfrenta problemas en tu infraestructura tecnol\u00f3gica que limitan tu potencial. Fallas ConstantesProblemas recurrentes que afectan el rendimiento de tus\u2026","rel":"","context":"Similar post","block_context":{"text":"Similar post","link":""},"img":{"alt_text":"","src":"https:\/\/i0.wp.com\/multiservmaltez.com\/wp-content\/uploads\/2024\/05\/3106c7627dba224c66baea1278975913.jpg?resize=350%2C200&ssl=1","width":350,"height":200,"srcset":"https:\/\/i0.wp.com\/multiservmaltez.com\/wp-content\/uploads\/2024\/05\/3106c7627dba224c66baea1278975913.jpg?resize=350%2C200&ssl=1 1x, https:\/\/i0.wp.com\/multiservmaltez.com\/wp-content\/uploads\/2024\/05\/3106c7627dba224c66baea1278975913.jpg?resize=525%2C300&ssl=1 1.5x"},"classes":[]},{"id":13,"url":"https:\/\/multiservmaltez.com\/en\/services\/","url_meta":{"origin":11,"position":1},"title":"Services","author":"solentiname","date":"May 22, 2024","format":false,"excerpt":"Servicios Principales 01Reparaciones y mantenimiento de PC y MacNuestros profesionales certificados se encargan de reparar y darle mantenimiento preventivo y correctivo a cualquier equipo sea este PC, Mac o Servidores, de forma eficiente y efectiva, garantizando un rendimiento \u00f3ptimo y duradero. 02Tercerizaci\u00f3n de Tecnolog\u00eda de la Informaci\u00f3nOptimiza tu tecnolog\u00eda, terceriza\u2026","rel":"","context":"Similar post","block_context":{"text":"Similar post","link":""},"img":{"alt_text":"","src":"https:\/\/i0.wp.com\/multiservmaltez.com\/wp-content\/uploads\/2024\/05\/cd452efc1cafe7c3d9eaca4ecf0ce375.jpg?resize=350%2C200&ssl=1","width":350,"height":200,"srcset":"https:\/\/i0.wp.com\/multiservmaltez.com\/wp-content\/uploads\/2024\/05\/cd452efc1cafe7c3d9eaca4ecf0ce375.jpg?resize=350%2C200&ssl=1 1x, https:\/\/i0.wp.com\/multiservmaltez.com\/wp-content\/uploads\/2024\/05\/cd452efc1cafe7c3d9eaca4ecf0ce375.jpg?resize=525%2C300&ssl=1 1.5x, https:\/\/i0.wp.com\/multiservmaltez.com\/wp-content\/uploads\/2024\/05\/cd452efc1cafe7c3d9eaca4ecf0ce375.jpg?resize=700%2C400&ssl=1 2x"},"classes":[]},{"id":15,"url":"https:\/\/multiservmaltez.com\/en\/contact\/","url_meta":{"origin":11,"position":2},"title":"Contact","author":"solentiname","date":"May 22, 2024","format":false,"excerpt":"Cont\u00e1ctanos Cont\u00e1ctanos Ahora\u00bfTienes alguna pregunta o quieres saber m\u00e1s sobre nuestros servicios? No dudes en ponerte en contacto con nosotros a trav\u00e9s de los siguientes medios para recibir informaci\u00f3n personalizada y resolver todas tus inquietudes. Correo electr\u00f3nico info@multiservmaltez.com Tel\u00e9fono505 8610-8374 Mantente en contacto Nombre Correo electr\u00f3nico Mensaje EnviarThe form has\u2026","rel":"","context":"Similar post","block_context":{"text":"Similar post","link":""},"img":{"alt_text":"","src":"","width":0,"height":0},"classes":[]}],"jetpack_sharing_enabled":true,"_links":{"self":[{"href":"https:\/\/multiservmaltez.com\/en\/wp-json\/wp\/v2\/pages\/11","targetHints":{"allow":["GET"]}}],"collection":[{"href":"https:\/\/multiservmaltez.com\/en\/wp-json\/wp\/v2\/pages"}],"about":[{"href":"https:\/\/multiservmaltez.com\/en\/wp-json\/wp\/v2\/types\/page"}],"author":[{"embeddable":true,"href":"https:\/\/multiservmaltez.com\/en\/wp-json\/wp\/v2\/users\/1"}],"replies":[{"embeddable":true,"href":"https:\/\/multiservmaltez.com\/en\/wp-json\/wp\/v2\/comments?post=11"}],"version-history":[{"count":7,"href":"https:\/\/multiservmaltez.com\/en\/wp-json\/wp\/v2\/pages\/11\/revisions"}],"predecessor-version":[{"id":2056,"href":"https:\/\/multiservmaltez.com\/en\/wp-json\/wp\/v2\/pages\/11\/revisions\/2056"}],"wp:attachment":[{"href":"https:\/\/multiservmaltez.com\/en\/wp-json\/wp\/v2\/media?parent=11"}],"curies":[{"name":"wp","href":"https:\/\/api.w.org\/{rel}","templated":true}]}}