{"id":13,"date":"2024-05-22T16:23:24","date_gmt":"2024-05-22T16:23:24","guid":{"rendered":"https:\/\/multiservmaltez.com\/services\/"},"modified":"2025-01-24T16:39:51","modified_gmt":"2025-01-24T22:39:51","slug":"services","status":"publish","type":"page","link":"https:\/\/multiservmaltez.com\/en\/services\/","title":{"rendered":"Services"},"content":{"rendered":"<div class=\"wp-block-uagb-container uagb-block-56a15d56 alignfull uagb-is-root-container\"><div class=\"uagb-container-inner-blocks-wrap\">\n<div class=\"wp-block-uagb-advanced-heading uagb-block-965f75bb\"><h1 class=\"uagb-heading-text\">Main Services<\/h1><\/div>\n<\/div><\/div>\n\n\n\n<div class=\"wp-block-uagb-container uagb-block-2d1bc6b9 alignfull uagb-is-root-container\"><div class=\"uagb-container-inner-blocks-wrap\">\n<div class=\"wp-block-uagb-container uagb-block-4ff25a12\">\n<div class=\"wp-block-uagb-image alignleft uagb-block-ec2cd076 wp-block-uagb-image--layout-default wp-block-uagb-image--effect-static wp-block-uagb-image--align-left\"><figure class=\"wp-block-uagb-image__figure\"><img data-recalc-dims=\"1\" decoding=\"async\" srcset=\"https:\/\/multiservmaltez.com\/wp-content\/uploads\/2024\/05\/3106c7627dba224c66baea1278975913.jpg ,https:\/\/multiservmaltez.com\/wp-content\/uploads\/2024\/05\/3106c7627dba224c66baea1278975913.jpg 780w, https:\/\/multiservmaltez.com\/wp-content\/uploads\/2024\/05\/3106c7627dba224c66baea1278975913.jpg 360w\" sizes=\"auto, (max-width: 480px) 150px\" src=\"https:\/\/i0.wp.com\/multiservmaltez.com\/wp-content\/uploads\/2024\/05\/3106c7627dba224c66baea1278975913.jpg?resize=520%2C400&#038;ssl=1\" alt=\"\" class=\"uag-image-2064\" width=\"520\" height=\"400\" title=\"3106c7627dba224c66baea1278975913\" loading=\"lazy\" role=\"img\"\/><\/figure><\/div>\n\n\n\n<div class=\"wp-block-uagb-container uagb-block-63f1b9f4\">\n<div class=\"wp-block-uagb-info-box uagb-block-52273407 uagb-infobox__content-wrap  uagb-infobox-icon-above-title uagb-infobox-image-valign-top\"><div class=\"uagb-ifb-content\"><div class=\"uagb-ifb-title-wrap\"><span class=\"uagb-ifb-title-prefix\">01<\/span><h2 class=\"uagb-ifb-title\">PC and Mac repairs and maintenance<\/h2><\/div><p class=\"uagb-ifb-desc\">Our certified professionals are responsible for repairing and providing preventive and corrective maintenance to any equipment, whether it is a PC, Mac or Server, efficiently and effectively, guaranteeing optimal and long-lasting performance.<\/p><\/div><\/div>\n<\/div>\n<\/div>\n\n\n\n<div class=\"wp-block-uagb-container uagb-block-e86bfd01\">\n<div class=\"wp-block-uagb-image alignright uagb-block-139c96fa wp-block-uagb-image--layout-default wp-block-uagb-image--effect-static wp-block-uagb-image--align-right\"><figure class=\"wp-block-uagb-image__figure\"><img data-recalc-dims=\"1\" decoding=\"async\" srcset=\"https:\/\/multiservmaltez.com\/wp-content\/uploads\/2024\/05\/cd452efc1cafe7c3d9eaca4ecf0ce375.jpg ,https:\/\/multiservmaltez.com\/wp-content\/uploads\/2024\/05\/cd452efc1cafe7c3d9eaca4ecf0ce375.jpg 780w, https:\/\/multiservmaltez.com\/wp-content\/uploads\/2024\/05\/cd452efc1cafe7c3d9eaca4ecf0ce375.jpg 360w\" sizes=\"auto, (max-width: 480px) 150px\" src=\"https:\/\/i0.wp.com\/multiservmaltez.com\/wp-content\/uploads\/2024\/05\/cd452efc1cafe7c3d9eaca4ecf0ce375.jpg?resize=520%2C400&#038;ssl=1\" alt=\"\" class=\"uag-image-2058\" width=\"520\" height=\"400\" title=\"cd452efc1cafe7c3d9eaca4ecf0ce375\" loading=\"lazy\" role=\"img\"\/><\/figure><\/div>\n\n\n\n<div class=\"wp-block-uagb-container uagb-block-c3f19e88\">\n<div class=\"wp-block-uagb-info-box uagb-block-2e8aec53 uagb-infobox__content-wrap  uagb-infobox-icon-above-title uagb-infobox-image-valign-top\"><div class=\"uagb-ifb-content\"><div class=\"uagb-ifb-title-wrap\"><span class=\"uagb-ifb-title-prefix\">02<\/span><h2 class=\"uagb-ifb-title\">Information Technology Outsourcing<\/h2><\/div><p class=\"uagb-ifb-desc\">Optimize your technology, outsource with us. If you do not have a trained IT department or have few staff, we offer personalized support programs in which we include outsourcing of the IT area, in a personalized way to ensure the proper functioning of your company.<br>Dentro de los que destacan:<br><br><strong><a href=\"https:\/\/multiservmaltez.com\/en\/servicios-de-creacion-y-mantenimiento-de-paginas-web\/\">Servicios de Creaci\u00f3n y Mantenimiento de P\u00e1ginas Web<\/a><\/strong><br><strong>Administraci\u00f3n de Infraestructura de TI<\/strong><br><strong>Soporte T\u00e9cnico y Help Desk<\/strong><br><strong>Servicios en la Nube (Cloud Services)<\/strong><br><strong>Seguridad Inform\u00e1tica<\/strong><br><strong>Administraci\u00f3n y Optimizaci\u00f3n de ERP\/CRM<\/strong><br><strong>Desarrollo y Mantenimiento de Software<\/strong><br><strong>Gesti\u00f3n de Proyectos de TI<\/strong><br><strong>Monitoreo y Optimizaci\u00f3n de Rendimiento<\/strong><br><strong>Servicios de Backup y Recuperaci\u00f3n<\/strong><br><strong>Consultor\u00eda en Transformaci\u00f3n Digital<\/strong><br><strong>Gesti\u00f3n de Licencias y Software<\/strong><br><strong>Externalizaci\u00f3n del Departamento de TI<\/strong><br><br><br><\/p><\/div><\/div>\n<\/div>\n<\/div>\n\n\n\n<div class=\"wp-block-uagb-container uagb-block-180f2013\">\n<div class=\"wp-block-uagb-image alignleft uagb-block-d9bb7607 wp-block-uagb-image--layout-default wp-block-uagb-image--effect-static wp-block-uagb-image--align-left\"><figure class=\"wp-block-uagb-image__figure\"><img data-recalc-dims=\"1\" decoding=\"async\" srcset=\"https:\/\/multiservmaltez.com\/wp-content\/uploads\/2024\/05\/7b67a26136682f3a44b12cb2ebdf5f7e.jpg ,https:\/\/multiservmaltez.com\/wp-content\/uploads\/2024\/05\/7b67a26136682f3a44b12cb2ebdf5f7e.jpg 780w, https:\/\/multiservmaltez.com\/wp-content\/uploads\/2024\/05\/7b67a26136682f3a44b12cb2ebdf5f7e.jpg 360w\" sizes=\"auto, (max-width: 480px) 150px\" src=\"https:\/\/i0.wp.com\/multiservmaltez.com\/wp-content\/uploads\/2024\/05\/7b67a26136682f3a44b12cb2ebdf5f7e.jpg?resize=520%2C400&#038;ssl=1\" alt=\"\" class=\"uag-image-2031\" width=\"520\" height=\"400\" title=\"7b67a26136682f3a44b12cb2ebdf5f7e\" loading=\"lazy\" role=\"img\"\/><\/figure><\/div>\n\n\n\n<div class=\"wp-block-uagb-container uagb-block-4c2fe837\">\n<div class=\"wp-block-uagb-info-box uagb-block-e59a1d70 uagb-infobox__content-wrap  uagb-infobox-icon-above-title uagb-infobox-image-valign-top\"><div class=\"uagb-ifb-content\"><div class=\"uagb-ifb-title-wrap\"><span class=\"uagb-ifb-title-prefix\">03<\/span><h2 class=\"uagb-ifb-title\">Consulting, Advice and Implementation of Information Systems and Information Security.<\/h2><\/div><p class=\"uagb-ifb-desc\">Our expert consultants provide comprehensive solutions, assessing your specific needs and proposing customized strategies to achieve your technological goals.<\/p><\/div><\/div>\n<\/div>\n<\/div>\n<\/div><\/div>\n\n\n\n<div class=\"wp-block-uagb-container uagb-block-e024973b alignfull uagb-is-root-container\"><div class=\"uagb-container-inner-blocks-wrap\">\n<div class=\"wp-block-uagb-advanced-heading uagb-block-01815c54\"><h2 class=\"uagb-heading-text\">Benefits of Our Services<\/h2><p class=\"uagb-desc-text\">Discover how to improve the efficiency and security of your online business.<\/p><\/div>\n\n\n\n<div class=\"wp-block-uagb-container uagb-block-17c87fe6\">\n<div class=\"wp-block-uagb-advanced-heading uagb-block-0e2c50b3\"><div class=\"uagb-separator\"><\/div><h3 class=\"uagb-heading-text\">Improved efficiency<\/h3><p class=\"uagb-desc-text\">We optimize your systems to increase productivity and reduce costs.<\/p><\/div>\n\n\n\n<div class=\"wp-block-uagb-advanced-heading uagb-block-fbcc919f\"><div class=\"uagb-separator\"><\/div><h3 class=\"uagb-heading-text\">Enhanced Security<\/h3><p class=\"uagb-desc-text\">We protect your data with comprehensive cybersecurity solutions.<\/p><\/div>\n\n\n\n<div class=\"wp-block-uagb-advanced-heading uagb-block-49ce25b4\"><div class=\"uagb-separator\"><\/div><h3 class=\"uagb-heading-text\">Guaranteed Scalability<\/h3><p class=\"uagb-desc-text\">We design flexible solutions that grow with your company and adapt to your needs.<\/p><\/div>\n<\/div>\n<\/div><\/div>\n\n\n\n<div class=\"wp-block-uagb-container uagb-block-30965029 alignfull uagb-is-root-container\"><div class=\"uagb-container-inner-blocks-wrap\">\n<div class=\"wp-block-uagb-container uagb-block-2e38f16e\">\n<div class=\"wp-block-uagb-advanced-heading uagb-block-cef4eb94\"><h2 class=\"uagb-heading-text\">Empower your business with our technological solutions. Contact us now!<\/h2><\/div>\n\n\n\n<div class=\"wp-block-uagb-buttons uagb-buttons__outer-wrap uagb-btn__default-btn uagb-btn-tablet__default-btn uagb-btn-mobile__default-btn uagb-block-dd621990\"><div class=\"uagb-buttons__wrap uagb-buttons-layout-wrap\">\n<div class=\"wp-block-uagb-buttons-child uagb-buttons__outer-wrap uagb-block-5716aaeb wp-block-button\"><div class=\"uagb-button__wrapper\"><a class=\"uagb-buttons-repeater wp-block-button__link\" aria-label=\"\" href=\"\/en\/contact\/\" rel=\"follow noopener\" target=\"_self\" role=\"button\"><div class=\"uagb-button__link\">Contact<\/div><\/a><\/div><\/div>\n<\/div><\/div>\n\n\n\n<div class=\"wp-block-uagb-advanced-heading uagb-block-f2fed8d8\"><div class=\"uagb-separator\"><\/div><p class=\"uagb-desc-text\">Or call us at:<\/p><h3 class=\"uagb-heading-text\">8610-8374<\/h3><\/div>\n<\/div>\n<\/div><\/div>","protected":false},"excerpt":{"rendered":"<p>Servicios Principales Beneficios de Nuestros Servicios Descubre c\u00f3mo mejorar la eficiencia y seguridad de tu empresa en l\u00ednea. Eficiencia Mejorada [&hellip;]<\/p>\n","protected":false},"author":1,"featured_media":0,"parent":0,"menu_order":0,"comment_status":"closed","ping_status":"closed","template":"","meta":{"_uag_custom_page_level_css":"","site-sidebar-layout":"default","site-content-layout":"","ast-site-content-layout":"default","site-content-style":"default","site-sidebar-style":"default","ast-global-header-display":"","ast-banner-title-visibility":"","ast-main-header-display":"","ast-hfb-above-header-display":"","ast-hfb-below-header-display":"","ast-hfb-mobile-header-display":"","site-post-title":"disabled","ast-breadcrumbs-content":"","ast-featured-img":"","footer-sml-layout":"","ast-disable-related-posts":"","theme-transparent-header-meta":"","adv-header-id-meta":"","stick-header-meta":"","header-above-stick-meta":"","header-main-stick-meta":"","header-below-stick-meta":"","astra-migrate-meta-layouts":"set","ast-page-background-enabled":"default","ast-page-background-meta":{"desktop":{"background-color":"var(--ast-global-color-4)","background-image":"","background-repeat":"repeat","background-position":"center center","background-size":"auto","background-attachment":"scroll","background-type":"","background-media":"","overlay-type":"","overlay-color":"","overlay-opacity":"","overlay-gradient":""},"tablet":{"background-color":"","background-image":"","background-repeat":"repeat","background-position":"center center","background-size":"auto","background-attachment":"scroll","background-type":"","background-media":"","overlay-type":"","overlay-color":"","overlay-opacity":"","overlay-gradient":""},"mobile":{"background-color":"","background-image":"","background-repeat":"repeat","background-position":"center center","background-size":"auto","background-attachment":"scroll","background-type":"","background-media":"","overlay-type":"","overlay-color":"","overlay-opacity":"","overlay-gradient":""}},"ast-content-background-meta":{"desktop":{"background-color":"var(--ast-global-color-5)","background-image":"","background-repeat":"repeat","background-position":"center center","background-size":"auto","background-attachment":"scroll","background-type":"","background-media":"","overlay-type":"","overlay-color":"","overlay-opacity":"","overlay-gradient":""},"tablet":{"background-color":"var(--ast-global-color-5)","background-image":"","background-repeat":"repeat","background-position":"center center","background-size":"auto","background-attachment":"scroll","background-type":"","background-media":"","overlay-type":"","overlay-color":"","overlay-opacity":"","overlay-gradient":""},"mobile":{"background-color":"var(--ast-global-color-5)","background-image":"","background-repeat":"repeat","background-position":"center center","background-size":"auto","background-attachment":"scroll","background-type":"","background-media":"","overlay-type":"","overlay-color":"","overlay-opacity":"","overlay-gradient":""}},"jetpack_post_was_ever_published":false,"footnotes":""},"class_list":["post-13","page","type-page","status-publish","hentry"],"uagb_featured_image_src":{"full":false,"thumbnail":false,"medium":false,"medium_large":false,"large":false,"1536x1536":false,"2048x2048":false,"trp-custom-language-flag":false},"uagb_author_info":{"display_name":"solentiname","author_link":"https:\/\/multiservmaltez.com\/en\/author\/solentiname\/"},"uagb_comment_info":0,"uagb_excerpt":"Servicios Principales Beneficios de Nuestros Servicios Descubre c\u00f3mo mejorar la eficiencia y seguridad de tu empresa en l\u00ednea. Eficiencia Mejorada [&hellip;]","jetpack-related-posts":[{"id":11,"url":"https:\/\/multiservmaltez.com\/en\/about\/","url_meta":{"origin":13,"position":0},"title":"Sobre nuestra empresa","author":"solentiname","date":"May 22, 2024","format":false,"excerpt":"Servicio de Reparaci\u00f3n y Mantenimiento de PC Maltez Nuestra Trayectoria ExitosaSomos una empresa especializada en el desarrollo, implementaci\u00f3n y soporte de soluciones tecnol\u00f3gicas avanzadas, adaptadas a las necesidades espec\u00edficas de cada cliente. Contamos con un equipo de expertos en distintas \u00e1reas de negocio para brindar un servicio personalizado y de\u2026","rel":"","context":"Similar post","block_context":{"text":"Similar post","link":""},"img":{"alt_text":"","src":"https:\/\/i0.wp.com\/multiservmaltez.com\/wp-content\/uploads\/2024\/05\/47291504d64304b8f33ed5080b8b371e.jpg?resize=350%2C200&ssl=1","width":350,"height":200,"srcset":"https:\/\/i0.wp.com\/multiservmaltez.com\/wp-content\/uploads\/2024\/05\/47291504d64304b8f33ed5080b8b371e.jpg?resize=350%2C200&ssl=1 1x, https:\/\/i0.wp.com\/multiservmaltez.com\/wp-content\/uploads\/2024\/05\/47291504d64304b8f33ed5080b8b371e.jpg?resize=525%2C300&ssl=1 1.5x"},"classes":[]},{"id":1989,"url":"https:\/\/multiservmaltez.com\/en\/","url_meta":{"origin":13,"position":1},"title":"Start","author":"solentiname","date":"May 22, 2024","format":false,"excerpt":"Servicio de Reparaci\u00f3n y Mantenimiento de PC MaltezSomos una empresa que brinda soluciones tecnol\u00f3gicas integrales, desarrollamos y brindamos soporte personalizado a soluciones de alta tecnolog\u00eda para satisfacer las necesidades empresariales.Contactar Desaf\u00edos Tecnol\u00f3gicosEnfrenta problemas en tu infraestructura tecnol\u00f3gica que limitan tu potencial. Fallas ConstantesProblemas recurrentes que afectan el rendimiento de tus\u2026","rel":"","context":"Similar post","block_context":{"text":"Similar post","link":""},"img":{"alt_text":"","src":"https:\/\/i0.wp.com\/multiservmaltez.com\/wp-content\/uploads\/2024\/05\/3106c7627dba224c66baea1278975913.jpg?resize=350%2C200&ssl=1","width":350,"height":200,"srcset":"https:\/\/i0.wp.com\/multiservmaltez.com\/wp-content\/uploads\/2024\/05\/3106c7627dba224c66baea1278975913.jpg?resize=350%2C200&ssl=1 1x, https:\/\/i0.wp.com\/multiservmaltez.com\/wp-content\/uploads\/2024\/05\/3106c7627dba224c66baea1278975913.jpg?resize=525%2C300&ssl=1 1.5x"},"classes":[]},{"id":15,"url":"https:\/\/multiservmaltez.com\/en\/contact\/","url_meta":{"origin":13,"position":2},"title":"Contact","author":"solentiname","date":"May 22, 2024","format":false,"excerpt":"Cont\u00e1ctanos Cont\u00e1ctanos Ahora\u00bfTienes alguna pregunta o quieres saber m\u00e1s sobre nuestros servicios? No dudes en ponerte en contacto con nosotros a trav\u00e9s de los siguientes medios para recibir informaci\u00f3n personalizada y resolver todas tus inquietudes. Correo electr\u00f3nico info@multiservmaltez.com Tel\u00e9fono505 8610-8374 Mantente en contacto Nombre Correo electr\u00f3nico Mensaje EnviarThe form has\u2026","rel":"","context":"Similar post","block_context":{"text":"Similar post","link":""},"img":{"alt_text":"","src":"","width":0,"height":0},"classes":[]},{"id":3,"url":"https:\/\/multiservmaltez.com\/en\/privacy-policy\/","url_meta":{"origin":13,"position":3},"title":"Pol\u00edtica de Privacidad","author":"solentiname","date":"May 22, 2024","format":false,"excerpt":"Quienes somos Nuestro sitio oficial es : https:\/\/multiservmaltez.com. Comentarios Cuando los visitantes dejan comentarios en el sitio, recopilamos los datos que se muestran en el formulario de comentarios, y tambi\u00e9n la direcci\u00f3n IP del visitante y la cadena de agente de usuario del navegador para ayudar a la detecci\u00f3n de\u2026","rel":"","context":"Similar post","block_context":{"text":"Similar post","link":""},"img":{"alt_text":"","src":"","width":0,"height":0},"classes":[]}],"jetpack_sharing_enabled":true,"_links":{"self":[{"href":"https:\/\/multiservmaltez.com\/en\/wp-json\/wp\/v2\/pages\/13","targetHints":{"allow":["GET"]}}],"collection":[{"href":"https:\/\/multiservmaltez.com\/en\/wp-json\/wp\/v2\/pages"}],"about":[{"href":"https:\/\/multiservmaltez.com\/en\/wp-json\/wp\/v2\/types\/page"}],"author":[{"embeddable":true,"href":"https:\/\/multiservmaltez.com\/en\/wp-json\/wp\/v2\/users\/1"}],"replies":[{"embeddable":true,"href":"https:\/\/multiservmaltez.com\/en\/wp-json\/wp\/v2\/comments?post=13"}],"version-history":[{"count":9,"href":"https:\/\/multiservmaltez.com\/en\/wp-json\/wp\/v2\/pages\/13\/revisions"}],"predecessor-version":[{"id":2125,"href":"https:\/\/multiservmaltez.com\/en\/wp-json\/wp\/v2\/pages\/13\/revisions\/2125"}],"wp:attachment":[{"href":"https:\/\/multiservmaltez.com\/en\/wp-json\/wp\/v2\/media?parent=13"}],"curies":[{"name":"wp","href":"https:\/\/api.w.org\/{rel}","templated":true}]}}