{"id":1989,"date":"2024-05-22T16:23:23","date_gmt":"2024-05-22T16:23:23","guid":{"rendered":"https:\/\/multiservmaltez.com\/home\/"},"modified":"2025-01-23T16:03:53","modified_gmt":"2025-01-23T22:03:53","slug":"home","status":"publish","type":"page","link":"https:\/\/multiservmaltez.com\/en\/","title":{"rendered":"Start"},"content":{"rendered":"<div class=\"wp-block-uagb-container uagb-block-cbfbd628 alignfull uagb-is-root-container\"><div class=\"uagb-container-inner-blocks-wrap\">\n<div class=\"wp-block-uagb-info-box uagb-block-af26f004 uagb-infobox__content-wrap  uagb-infobox-icon-above-title uagb-infobox-image-valign-top\"><div class=\"uagb-ifb-content\"><div class=\"uagb-ifb-title-wrap\"><h1 class=\"uagb-ifb-title\">Servicio de Reparaci\u00f3n y Mantenimiento de PC Maltez<\/h1><\/div><p class=\"uagb-ifb-desc\">We are a company that provides comprehensive technological solutions, we develop and provide personalized support to high-tech solutions to meet business needs.<\/p><div class=\"uagb-ifb-button-wrapper wp-block-button\"><a href=\"\/en\/contact\/\" class=\"uagb-infobox-cta-link wp-block-button__link\" target=\"_self\" rel=\"noopener noreferrer\" onclick=\"return true;\"><span class=\"uagb-inline-editing\">Contact<\/span><\/a><\/div><\/div><\/div>\n<\/div><\/div>\n\n\n\n<div class=\"wp-block-uagb-container uagb-block-976fbce0 alignfull uagb-is-root-container\"><div class=\"uagb-container-inner-blocks-wrap\">\n<div class=\"wp-block-uagb-advanced-heading uagb-block-5288a4d5\"><h2 class=\"uagb-heading-text\">Technological Challenges<\/h2><p class=\"uagb-desc-text\">Address issues in your technology infrastructure that limit your potential?<\/p><\/div>\n\n\n\n<div class=\"wp-block-uagb-container uagb-block-830a1317\">\n<div class=\"wp-block-uagb-container uagb-block-1d18bb52\">\n<div class=\"wp-block-uagb-info-box uagb-block-594ead74 uagb-infobox__content-wrap  uagb-infobox-icon-above-title uagb-infobox-image-valign-top\"><div class=\"uagb-ifb-content\"><div class=\"uagb-ifb-icon-wrap\"><svg xmlns=\"https:\/\/www.w3.org\/2000\/svg\" viewbox=\"0 0 512 512\"><path d=\"M152.1 38.16C161.9 47.03 162.7 62.2 153.8 72.06L81.84 152.1C77.43 156.9 71.21 159.8 64.63 159.1C58.05 160.2 51.69 157.6 47.03 152.1L7.029 112.1C-2.343 103.6-2.343 88.4 7.029 79.03C16.4 69.66 31.6 69.66 40.97 79.03L63.08 101.1L118.2 39.94C127 30.09 142.2 29.29 152.1 38.16V38.16zM152.1 198.2C161.9 207 162.7 222.2 153.8 232.1L81.84 312.1C77.43 316.9 71.21 319.8 64.63 319.1C58.05 320.2 51.69 317.6 47.03 312.1L7.029 272.1C-2.343 263.6-2.343 248.4 7.029 239C16.4 229.7 31.6 229.7 40.97 239L63.08 261.1L118.2 199.9C127 190.1 142.2 189.3 152.1 198.2V198.2zM224 96C224 78.33 238.3 64 256 64H480C497.7 64 512 78.33 512 96C512 113.7 497.7 128 480 128H256C238.3 128 224 113.7 224 96V96zM224 256C224 238.3 238.3 224 256 224H480C497.7 224 512 238.3 512 256C512 273.7 497.7 288 480 288H256C238.3 288 224 273.7 224 256zM160 416C160 398.3 174.3 384 192 384H480C497.7 384 512 398.3 512 416C512 433.7 497.7 448 480 448H192C174.3 448 160 433.7 160 416zM0 416C0 389.5 21.49 368 48 368C74.51 368 96 389.5 96 416C96 442.5 74.51 464 48 464C21.49 464 0 442.5 0 416z\"><\/path><\/svg><\/div><div class=\"uagb-ifb-title-wrap\"><h3 class=\"uagb-ifb-title\">Constant failures<\/h3><\/div><p class=\"uagb-ifb-desc\">Recurring problems that affect the performance of your computer equipment.<\/p><\/div><\/div>\n<\/div>\n\n\n\n<div class=\"wp-block-uagb-container uagb-block-ce63ee1e\">\n<div class=\"wp-block-uagb-info-box uagb-block-2dd0ee61 uagb-infobox__content-wrap  uagb-infobox-icon-above-title uagb-infobox-image-valign-top\"><div class=\"uagb-ifb-content\"><div class=\"uagb-ifb-icon-wrap\"><svg xmlns=\"https:\/\/www.w3.org\/2000\/svg\" viewbox=\"0 0 384 512\"><path d=\"M352 0C369.7 0 384 14.33 384 32C384 49.67 369.7 64 352 64V74.98C352 117.4 335.1 158.1 305.1 188.1L237.3 256L305.1 323.9C335.1 353.9 352 394.6 352 437V448C369.7 448 384 462.3 384 480C384 497.7 369.7 512 352 512H32C14.33 512 0 497.7 0 480C0 462.3 14.33 448 32 448V437C32 394.6 48.86 353.9 78.86 323.9L146.7 256L78.86 188.1C48.86 158.1 32 117.4 32 74.98V64C14.33 64 0 49.67 0 32C0 14.33 14.33 0 32 0H352zM124.1 142.9L192 210.7L259.9 142.9C277.9 124.9 288 100.4 288 74.98V64H96V74.98C96 100.4 106.1 124.9 124.1 142.9z\"><\/path><\/svg><\/div><div class=\"uagb-ifb-title-wrap\"><h3 class=\"uagb-ifb-title\">Vulnerable Security<\/h3><\/div><p class=\"uagb-ifb-desc\">Risks and vulnerabilities in the protection of critical data and systems.<\/p><\/div><\/div>\n<\/div>\n\n\n\n<div class=\"wp-block-uagb-container uagb-block-d9d3793e\">\n<div class=\"wp-block-uagb-info-box uagb-block-b6e451a1 uagb-infobox__content-wrap  uagb-infobox-icon-above-title uagb-infobox-image-valign-top\"><div class=\"uagb-ifb-content\"><div class=\"uagb-ifb-icon-wrap\"><svg xmlns=\"https:\/\/www.w3.org\/2000\/svg\" viewbox=\"0 0 512 512\"><path d=\"M288 256C288 273.7 273.7 288 256 288C238.3 288 224 273.7 224 256C224 238.3 238.3 224 256 224C273.7 224 288 238.3 288 256zM112 256C112 176.5 176.5 112 256 112C335.5 112 400 176.5 400 256C400 335.5 335.5 400 256 400C176.5 400 112 335.5 112 256zM256 336C300.2 336 336 300.2 336 256C336 211.8 300.2 176 256 176C211.8 176 176 211.8 176 256C176 300.2 211.8 336 256 336zM512 256C512 397.4 397.4 512 256 512C114.6 512 0 397.4 0 256C0 114.6 114.6 0 256 0C397.4 0 512 114.6 512 256zM256 64C149.1 64 64 149.1 64 256C64 362 149.1 448 256 448C362 448 448 362 448 256C448 149.1 362 64 256 64z\"><\/path><\/svg><\/div><div class=\"uagb-ifb-title-wrap\"><h3 class=\"uagb-ifb-title\">Technological Obsolescence<\/h3><\/div><p class=\"uagb-ifb-desc\">Outdated equipment and software that do not meet current demands.<\/p><\/div><\/div>\n<\/div>\n\n\n\n<div class=\"wp-block-uagb-container uagb-block-3f5037c0\">\n<div class=\"wp-block-uagb-info-box uagb-block-8333faa2 uagb-infobox__content-wrap  uagb-infobox-icon-above-title uagb-infobox-image-valign-top\"><div class=\"uagb-ifb-content\"><div class=\"uagb-ifb-icon-wrap\"><svg xmlns=\"https:\/\/www.w3.org\/2000\/svg\" viewbox=\"0 0 384 512\"><path d=\"M336 0h-288C22.38 0 0 22.38 0 48v416C0 489.6 22.38 512 48 512h288c25.62 0 48-22.38 48-48v-416C384 22.38 361.6 0 336 0zM64 208C64 199.2 71.2 192 80 192h32C120.8 192 128 199.2 128 208v32C128 248.8 120.8 256 112 256h-32C71.2 256 64 248.8 64 240V208zM64 304C64 295.2 71.2 288 80 288h32C120.8 288 128 295.2 128 304v32C128 344.8 120.8 352 112 352h-32C71.2 352 64 344.8 64 336V304zM224 432c0 8.801-7.199 16-16 16h-128C71.2 448 64 440.8 64 432v-32C64 391.2 71.2 384 80 384h128c8.801 0 16 7.199 16 16V432zM224 336c0 8.801-7.199 16-16 16h-32C167.2 352 160 344.8 160 336v-32C160 295.2 167.2 288 176 288h32C216.8 288 224 295.2 224 304V336zM224 240C224 248.8 216.8 256 208 256h-32C167.2 256 160 248.8 160 240v-32C160 199.2 167.2 192 176 192h32C216.8 192 224 199.2 224 208V240zM320 432c0 8.801-7.199 16-16 16h-32c-8.799 0-16-7.199-16-16v-32c0-8.801 7.201-16 16-16h32c8.801 0 16 7.199 16 16V432zM320 336c0 8.801-7.199 16-16 16h-32c-8.799 0-16-7.199-16-16v-32C256 295.2 263.2 288 272 288h32C312.8 288 320 295.2 320 304V336zM320 240C320 248.8 312.8 256 304 256h-32C263.2 256 256 248.8 256 240v-32C256 199.2 263.2 192 272 192h32C312.8 192 320 199.2 320 208V240zM320 144C320 152.8 312.8 160 304 160h-224C71.2 160 64 152.8 64 144v-64C64 71.2 71.2 64 80 64h224C312.8 64 320 71.2 320 80V144z\"><\/path><\/svg><\/div><div class=\"uagb-ifb-title-wrap\"><h3 class=\"uagb-ifb-title\">Limited Scalability<\/h3><\/div><p class=\"uagb-ifb-desc\">Technological infrastructure that does not adapt to the growth and development of your company.<\/p><\/div><\/div>\n<\/div>\n<\/div>\n<\/div><\/div>\n\n\n\n<div class=\"wp-block-uagb-container uagb-block-0a55183c alignfull uagb-is-root-container\"><div class=\"uagb-container-inner-blocks-wrap\">\n<div class=\"wp-block-uagb-advanced-heading uagb-block-5f7ea754\"><h2 class=\"uagb-heading-text\">Professional Services in Technology<\/h2><p class=\"uagb-desc-text\">We provide efficient solutions tailored to each business need.<\/p><\/div>\n\n\n\n<div class=\"wp-block-uagb-container uagb-block-0d08b59d\">\n<div class=\"wp-block-uagb-container uagb-block-1a1ba5d7\">\n<div class=\"wp-block-uagb-image alignleft uagb-block-1eafc075 wp-block-uagb-image--layout-default wp-block-uagb-image--effect-static wp-block-uagb-image--align-left\"><figure class=\"wp-block-uagb-image__figure\"><img data-recalc-dims=\"1\" decoding=\"async\" srcset=\"https:\/\/multiservmaltez.com\/wp-content\/uploads\/2024\/05\/3106c7627dba224c66baea1278975913.jpg ,https:\/\/multiservmaltez.com\/wp-content\/uploads\/2024\/05\/3106c7627dba224c66baea1278975913.jpg 780w, https:\/\/multiservmaltez.com\/wp-content\/uploads\/2024\/05\/3106c7627dba224c66baea1278975913.jpg 360w\" sizes=\"auto, (max-width: 480px) 150px\" src=\"https:\/\/i0.wp.com\/multiservmaltez.com\/wp-content\/uploads\/2024\/05\/3106c7627dba224c66baea1278975913.jpg?resize=373%2C400&#038;ssl=1\" alt=\"\" class=\"uag-image-2064\" width=\"373\" height=\"400\" title=\"3106c7627dba224c66baea1278975913\" loading=\"lazy\" role=\"img\"\/><\/figure><\/div>\n\n\n\n<div class=\"wp-block-uagb-advanced-heading uagb-block-73a7d5c1\"><h3 class=\"uagb-heading-text\">PC and Mac repairs and maintenance<\/h3><p class=\"uagb-desc-text\">Fast and reliable solutions<\/p><\/div>\n<\/div>\n\n\n\n<div class=\"wp-block-uagb-container uagb-block-e17e9981\">\n<div class=\"wp-block-uagb-image alignleft uagb-block-de9b5273 wp-block-uagb-image--layout-default wp-block-uagb-image--effect-static wp-block-uagb-image--align-left\"><figure class=\"wp-block-uagb-image__figure\"><img data-recalc-dims=\"1\" decoding=\"async\" srcset=\"https:\/\/multiservmaltez.com\/wp-content\/uploads\/2024\/05\/cd452efc1cafe7c3d9eaca4ecf0ce375.jpg ,https:\/\/multiservmaltez.com\/wp-content\/uploads\/2024\/05\/cd452efc1cafe7c3d9eaca4ecf0ce375.jpg 780w, https:\/\/multiservmaltez.com\/wp-content\/uploads\/2024\/05\/cd452efc1cafe7c3d9eaca4ecf0ce375.jpg 360w\" sizes=\"auto, (max-width: 480px) 150px\" src=\"https:\/\/i0.wp.com\/multiservmaltez.com\/wp-content\/uploads\/2024\/05\/cd452efc1cafe7c3d9eaca4ecf0ce375.jpg?resize=373%2C400&#038;ssl=1\" alt=\"\" class=\"uag-image-2058\" width=\"373\" height=\"400\" title=\"cd452efc1cafe7c3d9eaca4ecf0ce375\" loading=\"lazy\" role=\"img\"\/><\/figure><\/div>\n\n\n\n<div class=\"wp-block-uagb-advanced-heading uagb-block-652c8fef\"><h3 class=\"uagb-heading-text\">Information Technology Outsourcing<\/h3><p class=\"uagb-desc-text\">Optimize your technology, outsource with us<\/p><\/div>\n<\/div>\n\n\n\n<div class=\"wp-block-uagb-container uagb-block-2dc1a2a3\">\n<div class=\"wp-block-uagb-image alignleft uagb-block-4b5973f3 wp-block-uagb-image--layout-default wp-block-uagb-image--effect-static wp-block-uagb-image--align-left\"><figure class=\"wp-block-uagb-image__figure\"><img data-recalc-dims=\"1\" decoding=\"async\" srcset=\"https:\/\/multiservmaltez.com\/wp-content\/uploads\/2024\/05\/7b67a26136682f3a44b12cb2ebdf5f7e.jpg ,https:\/\/multiservmaltez.com\/wp-content\/uploads\/2024\/05\/7b67a26136682f3a44b12cb2ebdf5f7e.jpg 780w, https:\/\/multiservmaltez.com\/wp-content\/uploads\/2024\/05\/7b67a26136682f3a44b12cb2ebdf5f7e.jpg 360w\" sizes=\"auto, (max-width: 480px) 150px\" src=\"https:\/\/i0.wp.com\/multiservmaltez.com\/wp-content\/uploads\/2024\/05\/7b67a26136682f3a44b12cb2ebdf5f7e.jpg?resize=373%2C400&#038;ssl=1\" alt=\"\" class=\"uag-image-2031\" width=\"373\" height=\"400\" title=\"7b67a26136682f3a44b12cb2ebdf5f7e\" loading=\"lazy\" role=\"img\"\/><\/figure><\/div>\n\n\n\n<div class=\"wp-block-uagb-advanced-heading uagb-block-74230c1c\"><h3 class=\"uagb-heading-text\">Consulting, Advice and Implementation of Information Systems and Information Security.<\/h3><p class=\"uagb-desc-text\">Specialized and certified advice<\/p><\/div>\n<\/div>\n<\/div>\n<\/div><\/div>\n\n\n\n<div class=\"wp-block-uagb-container uagb-block-c42e3fc1 alignfull uagb-is-root-container\"><div class=\"uagb-container-inner-blocks-wrap\">\n<div class=\"wp-block-uagb-advanced-heading uagb-block-2ca62553\"><h2 class=\"uagb-heading-text\">Our Successful Track Record<\/h2><\/div>\n\n\n\n<div class=\"wp-block-uagb-container uagb-block-f11dade2\">\n<div class=\"wp-block-uagb-container uagb-block-618faf39\">\n<div class=\"wp-block-uagb-image alignleft uagb-block-ebc16e01 wp-block-uagb-image--layout-default wp-block-uagb-image--effect-static wp-block-uagb-image--align-left\"><figure class=\"wp-block-uagb-image__figure\"><img data-recalc-dims=\"1\" decoding=\"async\" srcset=\"https:\/\/multiservmaltez.com\/wp-content\/uploads\/2024\/05\/4a41c2c03507a8fbc98e704739b683a0.jpg ,https:\/\/multiservmaltez.com\/wp-content\/uploads\/2024\/05\/4a41c2c03507a8fbc98e704739b683a0.jpg 780w, https:\/\/multiservmaltez.com\/wp-content\/uploads\/2024\/05\/4a41c2c03507a8fbc98e704739b683a0.jpg 360w\" sizes=\"auto, (max-width: 480px) 150px\" src=\"https:\/\/i0.wp.com\/multiservmaltez.com\/wp-content\/uploads\/2024\/05\/4a41c2c03507a8fbc98e704739b683a0.jpg?resize=570%2C400&#038;ssl=1\" alt=\"\" class=\"uag-image-2048\" width=\"570\" height=\"400\" title=\"Business,Man,Using,Laptop,Access,Files,Document,On,Viritual,Screen,\" loading=\"lazy\" role=\"img\"\/><\/figure><\/div>\n<\/div>\n\n\n\n<div class=\"wp-block-uagb-container uagb-block-20df5245\">\n<div class=\"wp-block-uagb-info-box uagb-block-35f977c4 uagb-infobox__content-wrap  uagb-infobox-icon-above-title uagb-infobox-image-valign-top\"><div class=\"uagb-ifb-content\"><div class=\"uagb-ifb-title-wrap\"><p class=\"uagb-ifb-title\">With more than a decade of experience, we offer customized technological solutions.<\/p><\/div><p class=\"uagb-ifb-desc\">We have helped companies from various sectors to optimize their operations and achieve their goals.<\/p><div class=\"uagb-ifb-button-wrapper wp-block-button\"><a href=\"\/en\/about\/\" class=\"uagb-infobox-cta-link ast-outline-button\" target=\"_self\" rel=\"noopener noreferrer\" style=\"border-width:revert-layer\" onclick=\"return true;\"><span class=\"uagb-inline-editing\">Read more<\/span><\/a><\/div><\/div><\/div>\n<\/div>\n<\/div>\n<\/div><\/div>\n\n\n\n<div class=\"wp-block-uagb-container uagb-block-0eac9d34 alignfull uagb-is-root-container\"><div class=\"uagb-container-inner-blocks-wrap\">\n<div class=\"wp-block-uagb-container uagb-block-a593d4bb\">\n<div class=\"wp-block-uagb-advanced-heading uagb-block-0bb90263\"><div class=\"uagb-heading-text\">Power your Technology with<\/div><\/div>\n\n\n\n<div class=\"wp-block-uagb-advanced-heading uagb-block-1bd8f88d\"><h2 class=\"uagb-heading-text\">Our Experts in Technological Solutions<\/h2><\/div>\n\n\n\n<div class=\"wp-block-uagb-buttons uagb-buttons__outer-wrap uagb-btn__default-btn uagb-btn-tablet__default-btn uagb-btn-mobile__default-btn uagb-block-33d3c91e\"><div class=\"uagb-buttons__wrap uagb-buttons-layout-wrap\">\n<div class=\"wp-block-uagb-buttons-child uagb-buttons__outer-wrap uagb-block-38351fb0 wp-block-button\"><div class=\"uagb-button__wrapper\"><a class=\"uagb-buttons-repeater wp-block-button__link\" aria-label=\"\" href=\"\/en\/contact\/\" rel=\"follow noopener\" target=\"_self\" role=\"button\"><div class=\"uagb-button__link\">Contact<\/div><\/a><\/div><\/div>\n<\/div><\/div>\n\n\n\n<div class=\"wp-block-uagb-advanced-heading uagb-block-68e56d0b\"><div class=\"uagb-separator\"><\/div><p class=\"uagb-desc-text\">Or call us at:<\/p><h3 class=\"uagb-heading-text\">8610-8374<\/h3><\/div>\n<\/div>\n<\/div><\/div>\n\n\n\n<div class=\"wp-block-uagb-container uagb-block-3bd9ec30 alignfull uagb-is-root-container\"><div class=\"uagb-container-inner-blocks-wrap\">\n<div class=\"wp-block-uagb-advanced-heading uagb-block-e0957129\"><h2 class=\"uagb-heading-text\">Benefits of Our Services<\/h2><p class=\"uagb-desc-text\">Discover how to improve the efficiency and security of your online business.<\/p><\/div>\n\n\n\n<div class=\"wp-block-uagb-container uagb-block-0138f5ef\">\n<div class=\"wp-block-uagb-advanced-heading uagb-block-683dd7ae\"><div class=\"uagb-separator\"><\/div><h3 class=\"uagb-heading-text\">Improved efficiency<\/h3><p class=\"uagb-desc-text\">We optimize your systems to increase productivity and reduce costs.<\/p><\/div>\n\n\n\n<div class=\"wp-block-uagb-advanced-heading uagb-block-63ad8ac7\"><div class=\"uagb-separator\"><\/div><h3 class=\"uagb-heading-text\">Enhanced Security<\/h3><p class=\"uagb-desc-text\">We protect your data with comprehensive cybersecurity solutions.<\/p><\/div>\n\n\n\n<div class=\"wp-block-uagb-advanced-heading uagb-block-2b8de37d\"><div class=\"uagb-separator\"><\/div><h3 class=\"uagb-heading-text\">Guaranteed Scalability<\/h3><p class=\"uagb-desc-text\">We design flexible solutions that grow with your company and adapt to your needs.<\/p><\/div>\n<\/div>\n<\/div><\/div>\n\n\n\n<div class=\"wp-block-uagb-container uagb-block-30965029 alignfull uagb-is-root-container\"><div class=\"uagb-container-inner-blocks-wrap\">\n<div class=\"wp-block-uagb-container uagb-block-2e38f16e\">\n<div class=\"wp-block-uagb-advanced-heading uagb-block-cef4eb94\"><h2 class=\"uagb-heading-text\">Empower your business with our technological solutions. Contact us now!<\/h2><\/div>\n\n\n\n<div class=\"wp-block-uagb-buttons uagb-buttons__outer-wrap uagb-btn__default-btn uagb-btn-tablet__default-btn uagb-btn-mobile__default-btn uagb-block-dd621990\"><div class=\"uagb-buttons__wrap uagb-buttons-layout-wrap\">\n<div class=\"wp-block-uagb-buttons-child uagb-buttons__outer-wrap uagb-block-5716aaeb wp-block-button\"><div class=\"uagb-button__wrapper\"><a class=\"uagb-buttons-repeater wp-block-button__link\" aria-label=\"\" href=\"\/en\/contact\/\" rel=\"follow noopener\" target=\"_self\" role=\"button\"><div class=\"uagb-button__link\">Contact<\/div><\/a><\/div><\/div>\n<\/div><\/div>\n\n\n\n<div class=\"wp-block-uagb-advanced-heading uagb-block-f2fed8d8\"><div class=\"uagb-separator\"><\/div><p class=\"uagb-desc-text\">Or call us at:<\/p><h3 class=\"uagb-heading-text\">8610-8374<\/h3><\/div>\n<\/div>\n<\/div><\/div>","protected":false},"excerpt":{"rendered":"<p>Desaf\u00edos Tecnol\u00f3gicos Enfrenta problemas en tu infraestructura tecnol\u00f3gica que limitan tu potencial. Servicios Profesionales en Tecnolog\u00eda Brindamos soluciones eficientes y [&hellip;]<\/p>\n","protected":false},"author":1,"featured_media":0,"parent":0,"menu_order":0,"comment_status":"closed","ping_status":"closed","template":"","meta":{"_uag_custom_page_level_css":"","site-sidebar-layout":"default","site-content-layout":"page-builder","ast-site-content-layout":"full-width-container","site-content-style":"unboxed","site-sidebar-style":"unboxed","ast-global-header-display":"","ast-banner-title-visibility":"","ast-main-header-display":"","ast-hfb-above-header-display":"","ast-hfb-below-header-display":"","ast-hfb-mobile-header-display":"","site-post-title":"disabled","ast-breadcrumbs-content":"","ast-featured-img":"","footer-sml-layout":"","ast-disable-related-posts":"","theme-transparent-header-meta":"enabled","adv-header-id-meta":"","stick-header-meta":"","header-above-stick-meta":"","header-main-stick-meta":"","header-below-stick-meta":"","astra-migrate-meta-layouts":"set","ast-page-background-enabled":"default","ast-page-background-meta":{"desktop":{"background-color":"var(--ast-global-color-4)","background-image":"","background-repeat":"repeat","background-position":"center center","background-size":"auto","background-attachment":"scroll","background-type":"","background-media":"","overlay-type":"","overlay-color":"","overlay-opacity":"","overlay-gradient":""},"tablet":{"background-color":"","background-image":"","background-repeat":"repeat","background-position":"center center","background-size":"auto","background-attachment":"scroll","background-type":"","background-media":"","overlay-type":"","overlay-color":"","overlay-opacity":"","overlay-gradient":""},"mobile":{"background-color":"","background-image":"","background-repeat":"repeat","background-position":"center center","background-size":"auto","background-attachment":"scroll","background-type":"","background-media":"","overlay-type":"","overlay-color":"","overlay-opacity":"","overlay-gradient":""}},"ast-content-background-meta":{"desktop":{"background-color":"var(--ast-global-color-5)","background-image":"","background-repeat":"repeat","background-position":"center center","background-size":"auto","background-attachment":"scroll","background-type":"","background-media":"","overlay-type":"","overlay-color":"","overlay-opacity":"","overlay-gradient":""},"tablet":{"background-color":"var(--ast-global-color-5)","background-image":"","background-repeat":"repeat","background-position":"center center","background-size":"auto","background-attachment":"scroll","background-type":"","background-media":"","overlay-type":"","overlay-color":"","overlay-opacity":"","overlay-gradient":""},"mobile":{"background-color":"var(--ast-global-color-5)","background-image":"","background-repeat":"repeat","background-position":"center center","background-size":"auto","background-attachment":"scroll","background-type":"","background-media":"","overlay-type":"","overlay-color":"","overlay-opacity":"","overlay-gradient":""}},"jetpack_post_was_ever_published":false,"footnotes":""},"class_list":["post-1989","page","type-page","status-publish","hentry"],"uagb_featured_image_src":{"full":false,"thumbnail":false,"medium":false,"medium_large":false,"large":false,"1536x1536":false,"2048x2048":false,"trp-custom-language-flag":false},"uagb_author_info":{"display_name":"solentiname","author_link":"https:\/\/multiservmaltez.com\/en\/author\/solentiname\/"},"uagb_comment_info":0,"uagb_excerpt":"Desaf\u00edos Tecnol\u00f3gicos Enfrenta problemas en tu infraestructura tecnol\u00f3gica que limitan tu potencial. Servicios Profesionales en Tecnolog\u00eda Brindamos soluciones eficientes y [&hellip;]","jetpack-related-posts":[{"id":3,"url":"https:\/\/multiservmaltez.com\/en\/privacy-policy\/","url_meta":{"origin":1989,"position":0},"title":"Pol\u00edtica de Privacidad","author":"solentiname","date":"May 22, 2024","format":false,"excerpt":"Quienes somos Nuestro sitio oficial es : https:\/\/multiservmaltez.com. Comentarios Cuando los visitantes dejan comentarios en el sitio, recopilamos los datos que se muestran en el formulario de comentarios, y tambi\u00e9n la direcci\u00f3n IP del visitante y la cadena de agente de usuario del navegador para ayudar a la detecci\u00f3n de\u2026","rel":"","context":"Similar post","block_context":{"text":"Similar post","link":""},"img":{"alt_text":"","src":"","width":0,"height":0},"classes":[]}],"jetpack_sharing_enabled":true,"_links":{"self":[{"href":"https:\/\/multiservmaltez.com\/en\/wp-json\/wp\/v2\/pages\/1989","targetHints":{"allow":["GET"]}}],"collection":[{"href":"https:\/\/multiservmaltez.com\/en\/wp-json\/wp\/v2\/pages"}],"about":[{"href":"https:\/\/multiservmaltez.com\/en\/wp-json\/wp\/v2\/types\/page"}],"author":[{"embeddable":true,"href":"https:\/\/multiservmaltez.com\/en\/wp-json\/wp\/v2\/users\/1"}],"replies":[{"embeddable":true,"href":"https:\/\/multiservmaltez.com\/en\/wp-json\/wp\/v2\/comments?post=1989"}],"version-history":[{"count":11,"href":"https:\/\/multiservmaltez.com\/en\/wp-json\/wp\/v2\/pages\/1989\/revisions"}],"predecessor-version":[{"id":2111,"href":"https:\/\/multiservmaltez.com\/en\/wp-json\/wp\/v2\/pages\/1989\/revisions\/2111"}],"wp:attachment":[{"href":"https:\/\/multiservmaltez.com\/en\/wp-json\/wp\/v2\/media?parent=1989"}],"curies":[{"name":"wp","href":"https:\/\/api.w.org\/{rel}","templated":true}]}}